{"id":102,"date":"2020-02-25T21:26:04","date_gmt":"2020-02-25T20:26:04","guid":{"rendered":"https:\/\/beta.s2sfoundation.org\/?page_id=102"},"modified":"2020-07-04T18:02:27","modified_gmt":"2020-07-04T16:02:27","slug":"international","status":"publish","type":"page","link":"https:\/\/s2s.ngo\/de\/home\/international\/","title":{"rendered":"International"},"content":{"rendered":"<p><strong>Willkommen auf der Website von Shoulder 2 Shoulder International<\/strong><\/p>\n\n\n\n<p>S2S International ist eine gemeinn\u00fctzige Organisation in Kenia, die sich der Unterst\u00fctzung von bed\u00fcrftigen Kindern und Jugendlichen in Mombasa widmet. Indem wir Schulter an Schulter arbeiten, wollen wir den Kindern Hoffnung und Zukunft geben und f\u00fchren dazu drei Programme durch.<\/p>\n\n\n\n<div class=\"wp-block-columns alignwide is-layout-flex wp-container-core-columns-is-layout-9d6595d7 wp-block-columns-is-layout-flex\">\n<div class=\"wp-block-column is-layout-flow wp-block-column-is-layout-flow\">\n<figure class=\"wp-block-image size-large is-style-rounded\"><img loading=\"lazy\" decoding=\"async\" width=\"1024\" height=\"1024\" src=\"https:\/\/s2s.ngo\/wp-content\/uploads\/2020\/07\/DSC03016_edited.jpg\" alt=\"\" class=\"wp-image-957\" srcset=\"https:\/\/s2s.ngo\/wp-content\/uploads\/2020\/07\/DSC03016_edited.jpg 1024w, https:\/\/s2s.ngo\/wp-content\/uploads\/2020\/07\/DSC03016_edited-420x420.jpg 420w, https:\/\/s2s.ngo\/wp-content\/uploads\/2020\/07\/DSC03016_edited-768x768.jpg 768w\" sizes=\"auto, (max-width: 1024px) 100vw, 1024px\" \/><\/figure>\n\n\n\n<p style=\"background-color:#f6e7d9\" class=\"has-background\"><strong><a href=\"https:\/\/s2s.ngo\/de\/s2s\/dcc\/\">Dickson Kinderzentrum <\/a><\/strong><\/p>\n\n\n\n<p style=\"background-color:#f6e7d9\" class=\"has-background\">Waisenkinder und vernachl\u00e4ssigte oder missbrauchte Kinder finden ein sichereres und liebevolles Zuhause in Pflegefamilien in Mombasa.<\/p>\n\n\n\n<p style=\"background-color:#f6e7d9\" class=\"has-background\"><a href=\"https:\/\/s2s.ngo\/de\/home\/international\/dcc\/\">Lesen sie mehr\u2026<\/a><\/p>\n<\/div>\n\n\n\n<div class=\"wp-block-column is-layout-flow wp-block-column-is-layout-flow\">\n<figure class=\"wp-block-image size-large is-style-rounded\"><img loading=\"lazy\" decoding=\"async\" width=\"1024\" height=\"1024\" src=\"https:\/\/s2s.ngo\/wp-content\/uploads\/2020\/07\/DSC02675_edited.jpg\" alt=\"\" class=\"wp-image-958\" srcset=\"https:\/\/s2s.ngo\/wp-content\/uploads\/2020\/07\/DSC02675_edited.jpg 1024w, https:\/\/s2s.ngo\/wp-content\/uploads\/2020\/07\/DSC02675_edited-420x420.jpg 420w, https:\/\/s2s.ngo\/wp-content\/uploads\/2020\/07\/DSC02675_edited-768x768.jpg 768w\" sizes=\"auto, (max-width: 1024px) 100vw, 1024px\" \/><\/figure>\n\n\n\n<p style=\"background-color:#b25416;color:#ffffff\" class=\"has-text-color has-background\"><strong><a href=\"https:\/\/s2s.ngo\/de\/s2s\/ogbc\/\">Onesimus Rehabilitationszentrum <\/a><\/strong> <\/p>\n\n\n\n<p style=\"background-color:#b25416;color:#ffffff\" class=\"has-text-color has-background\">Das Zentrum bietet Strassenkindern die Chance das Leben auf der Stra\u00dfe, welches oft mit Hunger, Drogen und Kriminalit\u00e4t einhergeht, zu beenden und einen Weg zur\u00fcck in Familie und Gesellschaft zu finden.<\/p>\n\n\n\n<p style=\"background-color:#b25416;color:#ffffff\" class=\"has-text-color has-background\"><a href=\"https:\/\/s2s.ngo\/de\/home\/international\/ogbc\/\">Lesen sie mehr\u2026<\/a><\/p>\n<\/div>\n\n\n\n<div class=\"wp-block-column is-layout-flow wp-block-column-is-layout-flow\">\n<figure class=\"wp-block-image size-large is-style-rounded\"><img loading=\"lazy\" decoding=\"async\" width=\"1024\" height=\"1024\" src=\"https:\/\/s2s.ngo\/wp-content\/uploads\/2020\/07\/DSC02360_edited-1024x1024.jpg\" alt=\"\" class=\"wp-image-960\" srcset=\"https:\/\/s2s.ngo\/wp-content\/uploads\/2020\/07\/DSC02360_edited.jpg 1024w, https:\/\/s2s.ngo\/wp-content\/uploads\/2020\/07\/DSC02360_edited-420x420.jpg 420w, https:\/\/s2s.ngo\/wp-content\/uploads\/2020\/07\/DSC02360_edited-768x768.jpg 768w\" sizes=\"auto, (max-width: 1024px) 100vw, 1024px\" \/><\/figure>\n\n\n\n<p style=\"background-color:#f6e7d9\" class=\"has-background\"><a href=\"https:\/\/s2s.ngo\/de\/s2s\/dcs\/\"><strong>Dickson Gesamtschule<\/strong><\/a><\/p>\n\n\n\n<p style=\"background-color:#f6e7d9\" class=\"has-background\">Die Schule bietet den Kindern in den Slums von Port Reitz Bildung, soziale Unterst\u00fctzung und regelm\u00e4\u00dfige Ern\u00e4hrung.<\/p>\n\n\n\n<p style=\"background-color:#f6e7d9\" class=\"has-background\"><a href=\"https:\/\/s2s.ngo\/de\/home\/international\/dcs\/\">Lesen sie mehr\u2026<\/a><\/p>\n<\/div>\n<\/div>\n\n\n\n<div class=\"wp-block-group alignwide is-layout-flow wp-block-group-is-layout-flow\" id=\"International-News\"><div class=\"wp-block-group__inner-container\"><\/div><\/div>\n\n\n\n<p><\/p>","protected":false},"excerpt":{"rendered":"<p>Welkom op de website van Shoulder 2 Shoulder International S2S International is een non-profit organisatie in Kenia&nbsp;die is toegewijd aan het helpen van weeskinderen en kwetsbare kinderen en jeugd in Mombasa.&nbsp;Door samen met partners schouder aan schouder te werken willen we de kinderen weer hoop en een toekomst&nbsp;geven. Concreet doen we dit in drie programma&#8217;s. Dickson Children Centre Het DCC-programma heeft de alternatieve zorg voor kinderen ge\u00efmplementeerd (Community-Based Foster Homes). We hebben pleegzorghuizen en pleegzorggezinnen waar weeskinderen en verwaarloosde, verstoten en mishandelde jongens en meisjes geplaats worden. De pleegzorghuizen zijn huurwoningen op verschillende locaties in Mombasa County. Lees meer&#8230; Onesimus Good News Boys Centre OGBC is een rehabilitatiecentrum&nbsp;voor voormalige straatjongens. Het OGBC-programma richt zich op het van de straat halen van straat jongens in de leeftijdsgroep van 7 tot 16 jaar om hen te rehabiliteren en re-integreren met ouders of familie. Het centrum bevindt zich in het Kikambala-gebied naast de&hellip;<\/p>\n<p> <a class=\"more-link\" href=\"https:\/\/s2s.ngo\/de\/home\/international\/\">Weiterlesen<\/a><\/p>","protected":false},"author":1,"featured_media":571,"parent":30,"menu_order":1,"comment_status":"closed","ping_status":"closed","template":"","meta":{"footnotes":""},"categories":[14],"tags":[],"class_list":{"0":"post-102","1":"page","2":"type-page","3":"status-publish","4":"has-post-thumbnail","6":"category-international"},"_links":{"self":[{"href":"https:\/\/s2s.ngo\/de\/wp-json\/wp\/v2\/pages\/102","targetHints":{"allow":["GET"]}}],"collection":[{"href":"https:\/\/s2s.ngo\/de\/wp-json\/wp\/v2\/pages"}],"about":[{"href":"https:\/\/s2s.ngo\/de\/wp-json\/wp\/v2\/types\/page"}],"author":[{"embeddable":true,"href":"https:\/\/s2s.ngo\/de\/wp-json\/wp\/v2\/users\/1"}],"replies":[{"embeddable":true,"href":"https:\/\/s2s.ngo\/de\/wp-json\/wp\/v2\/comments?post=102"}],"version-history":[{"count":1,"href":"https:\/\/s2s.ngo\/de\/wp-json\/wp\/v2\/pages\/102\/revisions"}],"predecessor-version":[{"id":1645,"href":"https:\/\/s2s.ngo\/de\/wp-json\/wp\/v2\/pages\/102\/revisions\/1645"}],"up":[{"embeddable":true,"href":"https:\/\/s2s.ngo\/de\/wp-json\/wp\/v2\/pages\/30"}],"wp:featuredmedia":[{"embeddable":true,"href":"https:\/\/s2s.ngo\/de\/wp-json\/wp\/v2\/media\/571"}],"wp:attachment":[{"href":"https:\/\/s2s.ngo\/de\/wp-json\/wp\/v2\/media?parent=102"}],"wp:term":[{"taxonomy":"category","embeddable":true,"href":"https:\/\/s2s.ngo\/de\/wp-json\/wp\/v2\/categories?post=102"},{"taxonomy":"post_tag","embeddable":true,"href":"https:\/\/s2s.ngo\/de\/wp-json\/wp\/v2\/tags?post=102"}],"curies":[{"name":"wp","href":"https:\/\/api.w.org\/{rel}","templated":true}]}}