{"id":107,"date":"2020-02-26T22:01:23","date_gmt":"2020-02-26T21:01:23","guid":{"rendered":"https:\/\/beta.s2sfoundation.org\/?page_id=107"},"modified":"2021-09-29T18:11:56","modified_gmt":"2021-09-29T16:11:56","slug":"foundation","status":"publish","type":"page","link":"https:\/\/s2s.ngo\/de\/home\/foundation\/","title":{"rendered":"Stiftung NL"},"content":{"rendered":"<p>Die niederl\u00e4ndische Stiftung \u201eShoulder 2 Shoulder Foundation\u201c wurde 2007 gegr\u00fcndet, um die Projekte von Shoulder 2 Shoulder International in Kenia zu unterst\u00fctzen. Die Stiftung m\u00f6chte Spenden f\u00fcr folgende Schwerpunkte sammeln:<\/p>\n\n\n\n<ul class=\"wp-block-list\"><li>Grundbed\u00fcrfnisse (Unterkunft und Verpflegung)<\/li><li>Gesundheit und Wohlbefinden (sauberes Trinkwasser)<\/li><li>Bildung (Schulgeld und Dickson Comprehensive School in Port Reitz)<\/li><li>Zus\u00e4tzliche Aktivit\u00e4ten und Veranstaltungen<\/li><\/ul>\n\n\n\n<p>Seit vielen Jahren haben wir einen <a href=\"https:\/\/s2s.ngo\/de\/home\/foundation\/anbi\/\"><strong>ANBI<\/strong><\/a> Status und unsere <a href=\"https:\/\/s2s.ngo\/de\/home\/foundation\/reports\/\"><strong>Gesch\u00e4ftsberichte<\/strong><\/a> werden auf dieser Website ver\u00f6ffentlicht.<\/p>\n\n\n\n<p>Die langj\u00e4hrige und gute Zusammenarbeit zwischen der niederl\u00e4ndischen und der kenianischen Stiftung zeigt die solide Zuverl\u00e4ssigkeit beider Seiten.<\/p>\n\n\n\n<p>Die niederl\u00e4ndische Stiftung \u201eShoulder 2 Shoulder Foundation\u201c ist f\u00fcr die obige Projektbeschreibung verantwortlich. Das Ziel der von uns beschaffenen Mittel ist jedoch \u201eShoulder 2 Shoulder International\u201c in Kenia.<\/p>\n\n\n\n<div class=\"wp-block-group\"><div class=\"wp-block-group__inner-container is-layout-flow wp-block-group-is-layout-flow\">\n<p class=\"has-cyan-bluish-gray-background-color has-background\"><br>Stichting Shoulder 2 Shoulder Foundation<br>KVK-nummer 34262300<br>Lingsesdijk 86, 4207 AG, Gorinchem, Nederland<br><br>Die Stiftung ist von den Niederl\u00e4ndischen Steuerbeh\u00f6rden als sogenannte ANBI . anerkannt<\/p>\n<\/div><\/div>\n\n\n\n<p><\/p>","protected":false},"excerpt":{"rendered":"<p>Shoulder 2 Shoulder Foundation is in 2007 opgericht ter ondersteuning van de projecten van Shoulder 2 Shoulder International in Kenia. De stichting heeft als doel fondsen te werven voor de volgende aandachtsgebieden: Basisbehoeften (onderdak en voeding) Gezondheid en welzijn (schoon drinkwater) Onderwijs (schoolgeld en Dickson Comprehensive School in Port Reitz) Aanvullende activiteiten en evenementen We hebben al vele jaren een ANBI status en onze jaaroverzichten worden&nbsp;op de website gepresenteerd. De langdurende, goede samenwerking tussen Nederland en Kenia is een blijk van een gedegen betrouwbaarheid van beide zijden. De Nederlandse stichting Shoulder 2 Shoulder Foundation is verantwoordelijk voor deze projectbeschrijving. De bestemming van de fondsen en materialen is echter Shoulder 2 Shoulder International in Kenia. Stichting Shoulder 2 Shoulder FoundationKVK-nummer 34262300Vestigingsadres: Lingsesdijk 86, 4207 AG, Gorinchem, Nederland De stichting is door de Nederlands belastingdienst erkend als ANBI<\/p>","protected":false},"author":2,"featured_media":570,"parent":30,"menu_order":2,"comment_status":"closed","ping_status":"closed","template":"","meta":{"footnotes":""},"categories":[19],"tags":[],"class_list":{"0":"post-107","1":"page","2":"type-page","3":"status-publish","4":"has-post-thumbnail","6":"category-foundationnl"},"_links":{"self":[{"href":"https:\/\/s2s.ngo\/de\/wp-json\/wp\/v2\/pages\/107","targetHints":{"allow":["GET"]}}],"collection":[{"href":"https:\/\/s2s.ngo\/de\/wp-json\/wp\/v2\/pages"}],"about":[{"href":"https:\/\/s2s.ngo\/de\/wp-json\/wp\/v2\/types\/page"}],"author":[{"embeddable":true,"href":"https:\/\/s2s.ngo\/de\/wp-json\/wp\/v2\/users\/2"}],"replies":[{"embeddable":true,"href":"https:\/\/s2s.ngo\/de\/wp-json\/wp\/v2\/comments?post=107"}],"version-history":[{"count":3,"href":"https:\/\/s2s.ngo\/de\/wp-json\/wp\/v2\/pages\/107\/revisions"}],"predecessor-version":[{"id":1382,"href":"https:\/\/s2s.ngo\/de\/wp-json\/wp\/v2\/pages\/107\/revisions\/1382"}],"up":[{"embeddable":true,"href":"https:\/\/s2s.ngo\/de\/wp-json\/wp\/v2\/pages\/30"}],"wp:featuredmedia":[{"embeddable":true,"href":"https:\/\/s2s.ngo\/de\/wp-json\/wp\/v2\/media\/570"}],"wp:attachment":[{"href":"https:\/\/s2s.ngo\/de\/wp-json\/wp\/v2\/media?parent=107"}],"wp:term":[{"taxonomy":"category","embeddable":true,"href":"https:\/\/s2s.ngo\/de\/wp-json\/wp\/v2\/categories?post=107"},{"taxonomy":"post_tag","embeddable":true,"href":"https:\/\/s2s.ngo\/de\/wp-json\/wp\/v2\/tags?post=107"}],"curies":[{"name":"wp","href":"https:\/\/api.w.org\/{rel}","templated":true}]}}