{"id":1280,"date":"2021-03-03T21:43:56","date_gmt":"2021-03-03T20:43:56","guid":{"rendered":"https:\/\/s2s.ngo\/?page_id=1280"},"modified":"2026-02-13T15:18:29","modified_gmt":"2026-02-13T14:18:29","slug":"associationde","status":"publish","type":"page","link":"https:\/\/s2s.ngo\/de\/home\/associationde\/","title":{"rendered":"F\u00f6rderverein DE"},"content":{"rendered":"<p class=\"translation-block\">Wir sind der deutsche Partner f\u00fcr die Arbeit von <a href=\"http:\/\/s2s.ngl\/international\" data-type=\"URL\" data-id=\"s2s.ngl\/international\" target=\"_self\"><strong>S2S International<\/strong><\/a>. Der F\u00f6rderverein Shoulder to Shoulder International e.V. Pliezhausen wurde im August 2020 gegr\u00fcndet und im Oktober 2020 vom Finanzamt Reutlingen als gemeinn\u00fctzig anerkannt.<\/p>\n\n\n\n<p>Unsere Vision lautet: \u201eWir wollen nicht l\u00e4nger nur bedauern. Wir k\u00f6nnen etwas tun!\u201c<\/p>\n\n\n\n<div data-wp-interactive=\"core\/file\" class=\"wp-block-file\"><object data-wp-bind--hidden=\"!state.hasPdfPreview\" hidden class=\"wp-block-file__embed\" data=\"https:\/\/s2s.ngo\/wp-content\/uploads\/2026\/02\/Jahresbericht-2025-1.pdf\" type=\"application\/pdf\" style=\"width:100%;height:600px\" aria-label=\"Einbettung von Jahresbericht 2025.\"><\/object><a id=\"wp-block-file--media-319686c7-0db7-4397-9ab5-f64c33a77e34\" href=\"https:\/\/s2s.ngo\/wp-content\/uploads\/2026\/02\/Jahresbericht-2025-1.pdf\">Jahresbericht 2025<\/a><a href=\"https:\/\/s2s.ngo\/wp-content\/uploads\/2026\/02\/Jahresbericht-2025-1.pdf\" class=\"wp-block-file__button wp-element-button\" download aria-describedby=\"wp-block-file--media-319686c7-0db7-4397-9ab5-f64c33a77e34\">Herunterladen<\/a><\/div>\n\n\n\n<p>Wie das Engagement unserer Partner, gr\u00fcndet sich auch unsere Motivation auf dem Gebot christlicher N\u00e4chstenliebe und dem R\u00fcckhalt, den uns der Glaube gibt.<\/p>\n\n\n\n<p>Im Folgenden wollen wir Ihnen unsere Heimat etwas genauer vorstellen:<\/p>\n\n\n\n<figure class=\"wp-block-table\"><table><tbody><tr><td>Bundesland<\/td><td>Baden-Wuerttemberg<\/td><\/tr><tr><td>Region<\/td><td>Neckar-Alb<\/td><\/tr><tr><td>Regierungsbezirk<\/td><td>T\u00fcbingen<\/td><\/tr><tr><td>Landkreis<\/td><td>Reutlingen<\/td><\/tr><tr><td>Pliezhausen<\/td><td>9.400 Einwohner<\/td><\/tr><\/tbody><\/table><\/figure>\n\n\n\n<p>Bis zur \u201erauen\u201c Schw\u00e4bischen Alb, die unbedingt eine Reise wert ist, brauchen wir mit dem Auto ungef\u00e4hr eine halbe Stunde. Aber auch Pliezhausen selbst hat seinen eigenen l\u00e4ndlichen Scharm, da es am Rande des wundersch\u00f6nen Naturparks Sch\u00f6nbuch liegt.<\/p>\n\n\n\n<figure class=\"wp-block-image size-large\"><img loading=\"lazy\" decoding=\"async\" width=\"1024\" height=\"768\" src=\"https:\/\/s2s.ngo\/wp-content\/uploads\/2021\/03\/Schonbuch-1024x768.jpg\" alt=\"\" class=\"wp-image-1283\" srcset=\"https:\/\/s2s.ngo\/wp-content\/uploads\/2021\/03\/Schonbuch.jpg 1024w, https:\/\/s2s.ngo\/wp-content\/uploads\/2021\/03\/Schonbuch-768x576.jpg 768w, https:\/\/s2s.ngo\/wp-content\/uploads\/2021\/03\/Schonbuch-16x12.jpg 16w\" sizes=\"auto, (max-width: 1024px) 100vw, 1024px\" \/><figcaption class=\"wp-element-caption\">Foto: Claus-Dieter Schiemann<\/figcaption><\/figure>\n\n\n\n<div class=\"wp-block-group\"><div class=\"wp-block-group__inner-container is-layout-flow wp-block-group-is-layout-flow\">\n<p class=\"has-background\" style=\"background-color:#94c898\"><br>F\u00f6rderverein Shoulder to Shoulder International e.V.<br>Pliezhausen<br>Amtsgericht Stuttgart Aktenzeichen: VR 724897<br>Bekannt gemacht am: 27.11.2020<br>Vorstand: Dr. Martina B\u00f6hm-Weigert, Claus-Dieter Schiemann<br><br>Der Verein ist vom Finanzamt Reutlingen als gemeinn\u00fctzig anerkannt.<\/p>\n<\/div><\/div>","protected":false},"excerpt":{"rendered":"<p>Wij zijn de Duitse stichting die het werk van S2S International ondersteunt. De vereniging \u201cF\u00f6rderein Shoulder to Shoulder International e.V. Pliezhausen&#8221; is gesticht in Augustus 2020 en in November 2020 als non-profit erkend door de Belastingdienst van Reutlingen. Onze visie is: \u201cWe willen niet langer alleen maar medelijden hebben. We kunnen iets doen! &#8220; Net zoals het engagement van onze partner, berust ook onze motivatie op het gebod van christelijke naastenliefde en de steun die het geloof ons geeft. Graag willen we u kennis laten maken met ons thuisland: Bondsstaat Baden-Wuerttemberg Regio Neckar-Alb Administratieve regio T\u00fcbingen Stadsdeel Reutlingen Pliezhausen 9.400 inwoners Op ongeveer half uurtje rijden met de auto ligt de &#8220;ruige&#8221; Schw\u00e4bische Alb, die zeker een reis waard is. Maar Pliezhausen zelf heeft zijn eigen landelijke charme, want het ligt aan de rand van het prachtige natuurpark Sch\u00f6nbuch. Steunvereniging Shoulder to Shoulder International e.V.PliezhausenDistrictsrechtbank Stuttgart dossiernummer: VR 724897Aangekondigd op:&hellip;<\/p>\n<p> <a class=\"more-link\" href=\"https:\/\/s2s.ngo\/de\/home\/associationde\/\">Weiterlesen<\/a><\/p>","protected":false},"author":1,"featured_media":1281,"parent":30,"menu_order":2,"comment_status":"closed","ping_status":"closed","template":"","meta":{"footnotes":""},"categories":[23],"tags":[],"class_list":{"0":"post-1280","1":"page","2":"type-page","3":"status-publish","4":"has-post-thumbnail","6":"category-associationde"},"_links":{"self":[{"href":"https:\/\/s2s.ngo\/de\/wp-json\/wp\/v2\/pages\/1280","targetHints":{"allow":["GET"]}}],"collection":[{"href":"https:\/\/s2s.ngo\/de\/wp-json\/wp\/v2\/pages"}],"about":[{"href":"https:\/\/s2s.ngo\/de\/wp-json\/wp\/v2\/types\/page"}],"author":[{"embeddable":true,"href":"https:\/\/s2s.ngo\/de\/wp-json\/wp\/v2\/users\/1"}],"replies":[{"embeddable":true,"href":"https:\/\/s2s.ngo\/de\/wp-json\/wp\/v2\/comments?post=1280"}],"version-history":[{"count":7,"href":"https:\/\/s2s.ngo\/de\/wp-json\/wp\/v2\/pages\/1280\/revisions"}],"predecessor-version":[{"id":1724,"href":"https:\/\/s2s.ngo\/de\/wp-json\/wp\/v2\/pages\/1280\/revisions\/1724"}],"up":[{"embeddable":true,"href":"https:\/\/s2s.ngo\/de\/wp-json\/wp\/v2\/pages\/30"}],"wp:featuredmedia":[{"embeddable":true,"href":"https:\/\/s2s.ngo\/de\/wp-json\/wp\/v2\/media\/1281"}],"wp:attachment":[{"href":"https:\/\/s2s.ngo\/de\/wp-json\/wp\/v2\/media?parent=1280"}],"wp:term":[{"taxonomy":"category","embeddable":true,"href":"https:\/\/s2s.ngo\/de\/wp-json\/wp\/v2\/categories?post=1280"},{"taxonomy":"post_tag","embeddable":true,"href":"https:\/\/s2s.ngo\/de\/wp-json\/wp\/v2\/tags?post=1280"}],"curies":[{"name":"wp","href":"https:\/\/api.w.org\/{rel}","templated":true}]}}