{"id":358,"date":"2020-03-07T20:49:42","date_gmt":"2020-03-07T19:49:42","guid":{"rendered":"https:\/\/beta.s2sfoundation.org\/?page_id=358"},"modified":"2021-02-15T22:09:30","modified_gmt":"2021-02-15T21:09:30","slug":"dcs","status":"publish","type":"page","link":"https:\/\/s2s.ngo\/de\/home\/international\/dcs\/","title":{"rendered":"Dickson Gesamtschule"},"content":{"rendered":"<p>Die Dickson Gesamtschule ist ein soziales Interventions- und Bildungsprogramm, um das Leben von Slum Kindern zu verbessern. Die Gesamtschule befindet sich in den Slums von Port Reitz. Es besteht aus einem Kindergarten und einer Grundschule. W\u00e4hrend der Schultage erhalten die Kinder neben der Betreuung und dem Unterricht auch zwei Mahlzeiten. F\u00fcr die Familien entstehen im Gegensatz zu staatlichen Bildungseinrichtungen keine Kosten. Zudem ist die Schule im Slum vor Ort, die Lehrer kennen die Familien und sorgen f\u00fcr eine regelm\u00e4\u00dfige Teilnahme am Unterricht. Viele Kinder der Slums w\u00fcrden nie eine Schule besuchen, wenn es die Dickson Gesamtschule nicht geben w\u00fcrde.<\/p>\n\n\n\n<div class=\"wp-block-group\"><div class=\"wp-block-group__inner-container is-layout-flow wp-block-group-is-layout-flow\">\n\n\n<figure class=\"wp-block-video\"><video controls=\"\" src=\"https:\/\/s2s.ngo\/wp-content\/uploads\/2020\/03\/Dickson School EN.mp4\"><\/video><figcaption>Schauen sie sich die Schule an <\/figcaption><\/figure>\n<\/div><\/div>\n\n\n\n<p>Neben der Schulbildung werden auch biblische Grundlagen vermittelt. \nIn der ersten Pause bekommen sie Brei und zum Mittagessen eine nahrhafte warme Mahlzeit. Viele der Kinder kommen ohne Fr\u00fchst\u00fcck zur Schule, zu Hause bekommen sie oftmals nur eine Mahlzeit pro Tag. Durch die regelm\u00e4\u00dfige Ern\u00e4hrung wird die Gesundheit erheblich verbessert.  \nS2S legt gro\u00dfen Wert auf den Kontakt mit den Eltern. Die Eltern werden regelm\u00e4\u00dfig kontaktiert, um sicherzustellen, dass die Kinder gen\u00fcgend Schlaf bekommen, in einer sauberen Uniform zur Schule kommen und ihre Hausaufgaben erledigen. Dar\u00fcber hinaus erhalten die Eltern Schulungen hinsichtlich Hygiene und Erziehung. In den Slums gibt es viele Alleinerziehende und leider auch viel Alkohol- und Drogenmissbrauch. Immer wieder erf\u00e4hrt S2S, dass die Schule ein Segen f\u00fcr den Slum ist und dass die Menschen die Hoffnung auf ein besseres Leben f\u00fcr sich und ihre Kinder zur\u00fcckgewinnen.<\/p>\n\n\n\n<p>Die Schule verf\u00fcgt \u00fcber einen Gesamtverantwortlichen, einen Schulleiter sowie ausreichend Lehrpersonal, die bei der \u201eTeachers Service Commission\u201c in Kenia registriert sind. Die Lehrer werden von Mitarbeitern und Sozialarbeitern unterst\u00fctzt.<\/p>\n\n\n\n<p>Zurzeit werden 150 Sch\u00fclern im Alter zwischen 4 und 14 Jahren (Kindergartenklassen 1-2 und Schulklassen 1-5) unterrichtet.  Je nach Finanzlage ist angestrebt die Schule sukzessive zu erweitern, um auch weiterf\u00fchrende Schulbildung (secondary school) anzubieten und mehr Kinder in die Schule aufzunehmen.<\/p>\n\n\n\n<p><\/p>\n\n\n\n<div class=\"wp-block-group alignwide\"><div class=\"wp-block-group__inner-container is-layout-flow wp-block-group-is-layout-flow\">\n<figure class=\"wp-block-image size-large\"><img loading=\"lazy\" decoding=\"async\" width=\"3826\" height=\"2551\" src=\"https:\/\/s2s.ngo\/wp-content\/uploads\/2020\/11\/PSX_20200131_184047-3826x2551.jpg\" alt=\"\" class=\"wp-image-1096\" srcset=\"https:\/\/s2s.ngo\/wp-content\/uploads\/2020\/11\/PSX_20200131_184047-3826x2551.jpg 3826w, https:\/\/s2s.ngo\/wp-content\/uploads\/2020\/11\/PSX_20200131_184047-768x512.jpg 768w, https:\/\/s2s.ngo\/wp-content\/uploads\/2020\/11\/PSX_20200131_184047-16x12.jpg 16w\" sizes=\"auto, (max-width: 3826px) 100vw, 3826px\" \/><\/figure>\n<\/div><\/div>\n\n\n\n<p><\/p>","protected":false},"excerpt":{"rendered":"<p>De kleuterschool was onderdeel van het Dickson Children Centre, waar alleen de kinderen van DCC les kregen. Sinds januari 2011 zijn de meeste kinderen naar de lagere school gegaan en hebben we de kleuterschool ook opengesteld voor kinderen uit de omgeving, speciaal voor de sloppenwijk achter het centrum. Veel kinderen van 12 en 13 jaar liepen thuis en waren nog nooit naar school gegaan. Dit kwam omdat voor de kleuterschool betaald moet worden in Kenia en de lagere school wel gratis is, maar de kinderen moeten al kunnen lezen en schrijven om toegelaten te worden. Daarom namen we eerst de oudere kinderen op in onze kleuterschool en toen die door konden naar de lagere school, konden we de jongere kinderen opnemen. Toen zijn we ook het proces begonnen om de kleuterschool te registreren. Toen Dickson Children Centre is verhuisd hebben we 3 klassen kunnen bouwen middenin de sloppenwijk van Port&hellip;<\/p>\n<p> <a class=\"more-link\" href=\"https:\/\/s2s.ngo\/de\/home\/international\/dcs\/\">Weiterlesen<\/a><\/p>","protected":false},"author":1,"featured_media":571,"parent":102,"menu_order":3,"comment_status":"closed","ping_status":"closed","template":"","meta":{"footnotes":""},"categories":[16],"tags":[],"class_list":{"0":"post-358","1":"page","2":"type-page","3":"status-publish","4":"has-post-thumbnail","6":"category-dcs"},"_links":{"self":[{"href":"https:\/\/s2s.ngo\/de\/wp-json\/wp\/v2\/pages\/358","targetHints":{"allow":["GET"]}}],"collection":[{"href":"https:\/\/s2s.ngo\/de\/wp-json\/wp\/v2\/pages"}],"about":[{"href":"https:\/\/s2s.ngo\/de\/wp-json\/wp\/v2\/types\/page"}],"author":[{"embeddable":true,"href":"https:\/\/s2s.ngo\/de\/wp-json\/wp\/v2\/users\/1"}],"replies":[{"embeddable":true,"href":"https:\/\/s2s.ngo\/de\/wp-json\/wp\/v2\/comments?post=358"}],"version-history":[{"count":0,"href":"https:\/\/s2s.ngo\/de\/wp-json\/wp\/v2\/pages\/358\/revisions"}],"up":[{"embeddable":true,"href":"https:\/\/s2s.ngo\/de\/wp-json\/wp\/v2\/pages\/102"}],"wp:featuredmedia":[{"embeddable":true,"href":"https:\/\/s2s.ngo\/de\/wp-json\/wp\/v2\/media\/571"}],"wp:attachment":[{"href":"https:\/\/s2s.ngo\/de\/wp-json\/wp\/v2\/media?parent=358"}],"wp:term":[{"taxonomy":"category","embeddable":true,"href":"https:\/\/s2s.ngo\/de\/wp-json\/wp\/v2\/categories?post=358"},{"taxonomy":"post_tag","embeddable":true,"href":"https:\/\/s2s.ngo\/de\/wp-json\/wp\/v2\/tags?post=358"}],"curies":[{"name":"wp","href":"https:\/\/api.w.org\/{rel}","templated":true}]}}