{"id":365,"date":"2020-03-07T20:59:45","date_gmt":"2020-03-07T19:59:45","guid":{"rendered":"https:\/\/beta.s2sfoundation.org\/?page_id=365"},"modified":"2021-02-15T22:08:46","modified_gmt":"2021-02-15T21:08:46","slug":"ogbc","status":"publish","type":"page","link":"https:\/\/s2s.ngo\/de\/home\/international\/ogbc\/","title":{"rendered":"Onesimus Rehabilitationszentrum"},"content":{"rendered":"<p>Das Onesimus Rehabilitationszentrum (Onesimus Good News Boys Center, OGBC) ist ein christliches Zentrum f\u00fcr ehemalige Stra\u00dfenjungen im Alter von 7 bis 16 Jahren. Es bietet den Jungen k\u00f6rperliche, soziale, psychische und geistige Wiederherstellung. Auch durch die Vermittlung von biblischen Grunds\u00e4tze wird daf\u00fcr Sorge getragen, dass die Jungen als verantwortungsbewusste B\u00fcrger Kenias wieder in die Gesellschaft integriert werden und der Gesellschaft ein Segen sein k\u00f6nnen.<\/p>\n\n\n\n<p>Das Zentrum befindet sich in Kikambala neben der \u201eSun N Sand Junction Stage\u201c in der N\u00e4he der Autobahn Mombasa-Malindi. Das Zentrum hat eine Kapazit\u00e4t von 40 Betten. 2020 wurde ein weiteres Haus in der N\u00e4he des Zentrums angemietet. Derzeit befinden sich 72 Jungen im Programm. Im Zentrum werden Jungen aufgenommen, die seit mehr als sechs Monaten auf der Stra\u00dfe leben. Sie m\u00fcssen vor der Aufnahme bereit sein, den Rehabilitationsprozess zu durchlaufen und die damit verbundenen Bedingungen zu akzeptieren. Das Motto lautet: \"Nutze die Chance und ver\u00e4ndere dein Leben\".<\/p>\n\n\n\n\n\n<figure class=\"wp-block-video\"><video controls=\"\" src=\"https:\/\/s2s.ngo\/wp-content\/uploads\/2020\/03\/Onesimus EN.mp4\"><\/video><figcaption>Schauen sie sich die Jungen von Onesimus an<\/figcaption><\/figure>\n\n\n\n<p>Die Jungen erhalten Unterkunft, eine ausgewogene Ern\u00e4hrung, Kleidung, medizinische Versorgung und Mentorengespr\u00e4che.<\/p>\n\n\n\n<p>Einige der Jungen leben nicht mehr im Zentrum sondern in einem  Internat oder haben eine Berufsausbildung aufgenommen. Unsere Sozialarbeiter besuchen sie regelm\u00e4\u00dfig und in den Ferien kehren sie f\u00fcr mehrere Tage ins Zentrum zur\u00fcck. \nNach ihrer Ausbildung bietet das Zentrum je nach Unabh\u00e4ngigkeit und Arbeitssitutation der Jungen weitere 1 bis 2 Jahre Betreuung an.<\/p>\n\n\n\n<p><strong>Mitarbeiter<\/strong><\/p>\n\n\n\n<p>Das Zentrum verf\u00fcgt \u00fcber Sozialarbeiter und anderweitig geschultes Personal (Mentoren), die \u00fcber praktische Erfahrung im Umgang mit Stra\u00dfenkindern verf\u00fcgen. Sie sind f\u00fcr einen reibungslosen Tagesablauf verantwortlich und sorgen f\u00fcr Ordnung und Disziplin. Die Jungen m\u00fcssen p\u00fcnktlich zur Schule gehen und werden bei den Hausaufgaben unterst\u00fctzt. Ausserdem bekommt jeder Junge Aufgaben im Zentrum, die er eigenverantwortlich oder in der Gruppe bew\u00e4ltigt. Hierzu geh\u00f6rt die Zimmer sauber zu halten, Kleidung zu waschen und abwechselnd beim Kochen zu helfen. Sonntags gehen die Jungen in die \u00f6rtliche Kirche und schlie\u00dfen den Tag mit Bibellesen und Gebet ab. Ehrenamtliche Helfer helfen den Mentoren und organisieren besondere Aktivit\u00e4ten (Sport, Spiele, Kunsthandwerk, Musik usw.) oder gehen einfach mal mit den Jungs zum Strand.<\/p>\n\n\n\n<p>Jeder Junge hat einen Mentor, der f\u00fcr den Rehabilitationsprozess verantwortlich ist und ihn bei der Festlegung und Erreichung von Lernzielen unterst\u00fctzt. Wenn n\u00f6tig wird der Rehabilitationsprozess durch Spezialisten unterst\u00fctzt, z.B. um traumatische Erlebnisse aus der Vergangenheit zu bew\u00e4ltigen oder bei schwierigen Verhaltensproblemen zu helfen.<\/p>\n\n\n\n<p><strong>Die Entstehung von OGBC<\/strong><\/p>\n\n\n\n<p>Das Onesimus Good News Boys Center wurde 2005 von Matheka und Ria Munyasya und Mirjam de Lange gegr\u00fcndet. Das Zentrum ist nach dem in der Bibel erw\u00e4hnten Onesimus benannt. Er hatte seinen Herrn Philemon bestohlen und kam daf\u00fcr ins Gef\u00e4ngnis. Dort traf er den Apostel Paulus und wurde Christ. Paulus schickte ihn zur\u00fcck zu seinem ehemaligen Chef, nicht l\u00e4nger als Sklave, sondern als Bruder und Teil der Kirche und Gesellschaft. Die Vision von S2S ist die Jungen ebenso zu rehabilitieren.<\/p>\n\n\n\n<p>Das Onesimus Rehabilitationszentrum arbeitet mit dem \u201eGood News Childrens Ministry\u201c zusammen, wodurch das Programm auch finanziell unterst\u00fctzt wird.<\/p>\n\n\n\n<div class=\"wp-block-group alignwide\"><div class=\"wp-block-group__inner-container is-layout-flow wp-block-group-is-layout-flow\">\n<figure class=\"wp-block-image size-large is-resized\"><img loading=\"lazy\" decoding=\"async\" src=\"https:\/\/s2s.ngo\/wp-content\/uploads\/2020\/11\/DSC02559_edited-1-scaled.jpg\" alt=\"\" class=\"wp-image-1093\" width=\"640\" height=\"427\" srcset=\"https:\/\/s2s.ngo\/wp-content\/uploads\/2020\/11\/DSC02559_edited-1-768x512.jpg 768w, https:\/\/s2s.ngo\/wp-content\/uploads\/2020\/11\/DSC02559_edited-1-16x12.jpg 16w\" sizes=\"auto, (max-width: 640px) 100vw, 640px\" \/><\/figure>\n<\/div><\/div>\n\n\n\n<p><\/p>","protected":false},"excerpt":{"rendered":"<p>Onesimus Good News Boys Centre (OGBC) is een Christelijk rehabilitatie centrum voor voormalige straatjongens van 7 tot 16 jaar. Wij bieden de jongens hoop en werken aan herstel op lichamelijk, sociaal, psychologisch en geestelijk gebied. Door rehabilitatie en volgen van Bijbelse principes werken we ernaartoe dat de jongens weer kunnen integreren in de samenleving als verantwoordelijke burgers van Kenia en om weer een zegen te zijn voor hun familie. Het centrum bevindt zich in Kikambala naast de Sun N Sand Junction Stage langs de Mombasa Malindi autoweg. Het centrum heeft een capaciteit van 40 bedden. Onlangs hebben we een ander huis gehuurd, in de buurt van het centrum. Momenteel hebben we 72 jongens in het programma en 5 worden begeleid in de wijk. We nemen jongens op tussen 7 en 16 jaar die langer dan 6 maanden op straat zijn geweest. Ze worden gescreend voordat ze worden opgenomen en moeten&hellip;<\/p>\n<p> <a class=\"more-link\" href=\"https:\/\/s2s.ngo\/de\/home\/international\/ogbc\/\">Weiterlesen<\/a><\/p>","protected":false},"author":1,"featured_media":571,"parent":102,"menu_order":2,"comment_status":"closed","ping_status":"closed","template":"","meta":{"footnotes":""},"categories":[15],"tags":[],"class_list":{"0":"post-365","1":"page","2":"type-page","3":"status-publish","4":"has-post-thumbnail","6":"category-ogbc"},"_links":{"self":[{"href":"https:\/\/s2s.ngo\/de\/wp-json\/wp\/v2\/pages\/365","targetHints":{"allow":["GET"]}}],"collection":[{"href":"https:\/\/s2s.ngo\/de\/wp-json\/wp\/v2\/pages"}],"about":[{"href":"https:\/\/s2s.ngo\/de\/wp-json\/wp\/v2\/types\/page"}],"author":[{"embeddable":true,"href":"https:\/\/s2s.ngo\/de\/wp-json\/wp\/v2\/users\/1"}],"replies":[{"embeddable":true,"href":"https:\/\/s2s.ngo\/de\/wp-json\/wp\/v2\/comments?post=365"}],"version-history":[{"count":0,"href":"https:\/\/s2s.ngo\/de\/wp-json\/wp\/v2\/pages\/365\/revisions"}],"up":[{"embeddable":true,"href":"https:\/\/s2s.ngo\/de\/wp-json\/wp\/v2\/pages\/102"}],"wp:featuredmedia":[{"embeddable":true,"href":"https:\/\/s2s.ngo\/de\/wp-json\/wp\/v2\/media\/571"}],"wp:attachment":[{"href":"https:\/\/s2s.ngo\/de\/wp-json\/wp\/v2\/media?parent=365"}],"wp:term":[{"taxonomy":"category","embeddable":true,"href":"https:\/\/s2s.ngo\/de\/wp-json\/wp\/v2\/categories?post=365"},{"taxonomy":"post_tag","embeddable":true,"href":"https:\/\/s2s.ngo\/de\/wp-json\/wp\/v2\/tags?post=365"}],"curies":[{"name":"wp","href":"https:\/\/api.w.org\/{rel}","templated":true}]}}