{"id":369,"date":"2020-03-07T21:27:08","date_gmt":"2020-03-07T20:27:08","guid":{"rendered":"https:\/\/beta.s2sfoundation.org\/?page_id=369"},"modified":"2023-09-15T14:47:23","modified_gmt":"2023-09-15T12:47:23","slug":"donate","status":"publish","type":"page","link":"https:\/\/s2s.ngo\/de\/home\/donate\/","title":{"rendered":"Spenden"},"content":{"rendered":"<p class=\"has-very-dark-gray-color has-text-color\">Wir freuen uns sehr, dass Sie uns durch eine Spende unterst\u00fctzen m\u00f6chten. Sie k\u00f6nnen auf die Schaltfl\u00e4che unten klicken, um \u00fcber die holl\u00e4ndische Stiftung zu spenden. Es ist auch m\u00f6glich, unsere Arbeit zu unterst\u00fctzen, indem sie ein Kind in einem unserer Programme unterst\u00fctzen. Wenn Sie dies m\u00f6chten, k\u00f6nnen Sie dies <a href=\"https:\/\/s2s.ngo\/de\/foundation\/sponsor\/\"><strong>hier<\/strong><\/a> angeben.<\/p>\n\n\n\n<div class=\"wp-block-group alignwide\"><div class=\"wp-block-group__inner-container is-layout-flow wp-block-group-is-layout-flow\">\n<div style=\"height:28px\" aria-hidden=\"true\" class=\"wp-block-spacer\"><\/div>\n<\/div><\/div>\n\n\n\n<div>\n<button class=\"geef zoom zoom:hoversmall\" id=\"btnGeef\" data-panel=\"main\">Doneer nu!<\/button>\n<\/div>\n\n\n\n<div class=\"wp-block-columns is-layout-flex wp-container-core-columns-is-layout-9d6595d7 wp-block-columns-is-layout-flex\">\n<div class=\"wp-block-column is-layout-flow wp-block-column-is-layout-flow\"><\/div>\n\n\n\n<div class=\"wp-block-column is-layout-flow wp-block-column-is-layout-flow\"><\/div>\n\n\n\n<div class=\"wp-block-column is-layout-flow wp-block-column-is-layout-flow\"><\/div>\n<\/div>\n\n\n\n<p>Wenn Sie direkt auf das Bankkonto der S2S Foundation \u00fcberweisen m\u00f6chten, verwenden Sie bitte:<br>DE87 6039 0000 0705 9880 07<br>im Namen von 'Stichting Shoulder 2 Shoulder Foundation'<br>Die S2S-Stiftung hat eine niederl\u00e4ndische <a href=\"http:\/\/s2s.ngo\/de\/foundation\/anbi\/\"><strong>ANBI<\/strong><\/a> -Registrierung.<\/p>\n\n\n\n<p><strong>F\u00fcr Deutschland: <\/strong><br>Spenden sie \u00fcber den F\u00f6rderverein Shoulder to Shoulder International e.V. (f\u00fcr die Zusendung der Spendenbescheinigung geben sie bitte ihre Adressen an): <strong>DE87 6039 0000 0705 9880 07<\/strong><br>Der F\u00f6rderverein Shoulder to Shoulder International e.V. ist vom Finanzamt Reutlingen als gemeinn\u00fctzig anerkannt. Sie k\u00f6nnen auch \u00fcber Paypal spenden: <a href=\"https:\/\/www.paypal.com\/donate\/?hosted_button_id=JZMRC2KL3EFM4\"><strong>https:\/\/www.paypal.com\/donate\/?hosted_button_id=JZMRC2KL3EFM4<\/strong><\/a><\/p>\n\n\n\n<figure class=\"wp-block-image size-large\"><img loading=\"lazy\" decoding=\"async\" width=\"256\" height=\"256\" src=\"https:\/\/s2s.ngo\/wp-content\/uploads\/2023\/09\/QR-Code-PayPal-Spenden-002-256x256.png\" alt=\"\" class=\"wp-image-1568\"\/><\/figure>","protected":false},"excerpt":{"rendered":"<p>Wat fijn dat je ons wilt steunen door geld te doneren. Via de knop hieronder kun je gemakkelijk via geef.nl doneren. Je kunt het werk ook structureel ondersteunen door een kind in \u00e9\u00e9n van onze programma&#8217;s te sponsoren. Als je dit wilt kun je dat hier aangeven. Doneer nu! Wil je direct naar S2S foundation overmaken, dan kan dat via:NL61 INGB 0002 8794 34t.n.v. Stichting Shoulder 2 Shoulder FoundationS2S Foundation is ANBI geregistreerd. Voor Duitsland: Als u een donatiebewijs wilt ontvangen, dan kunt overmaken naar de Duitse steunvereniging &#8216;F\u00f6rderverein Shoulder to Shoulder International e.V.&#8217;: Vereinigte Volksbanken eG; IBAN: DE87 6039 0000 0705 9880 07De vereniging &#8216;F\u00f6rderverein Shoulder to Shoulder International e.V.&#8217; is door de belastingdienst Reutlingen erkend als non-profit. U kunt ook doneren via PayPal: https:\/\/www.paypal.com\/donate\/?hosted_button_id=JZMRC2KL3EFM4<\/p>","protected":false},"author":1,"featured_media":570,"parent":30,"menu_order":4,"comment_status":"closed","ping_status":"closed","template":"","meta":{"footnotes":""},"categories":[],"tags":[],"class_list":["post-369","page","type-page","status-publish","has-post-thumbnail"],"_links":{"self":[{"href":"https:\/\/s2s.ngo\/de\/wp-json\/wp\/v2\/pages\/369","targetHints":{"allow":["GET"]}}],"collection":[{"href":"https:\/\/s2s.ngo\/de\/wp-json\/wp\/v2\/pages"}],"about":[{"href":"https:\/\/s2s.ngo\/de\/wp-json\/wp\/v2\/types\/page"}],"author":[{"embeddable":true,"href":"https:\/\/s2s.ngo\/de\/wp-json\/wp\/v2\/users\/1"}],"replies":[{"embeddable":true,"href":"https:\/\/s2s.ngo\/de\/wp-json\/wp\/v2\/comments?post=369"}],"version-history":[{"count":8,"href":"https:\/\/s2s.ngo\/de\/wp-json\/wp\/v2\/pages\/369\/revisions"}],"predecessor-version":[{"id":1575,"href":"https:\/\/s2s.ngo\/de\/wp-json\/wp\/v2\/pages\/369\/revisions\/1575"}],"up":[{"embeddable":true,"href":"https:\/\/s2s.ngo\/de\/wp-json\/wp\/v2\/pages\/30"}],"wp:featuredmedia":[{"embeddable":true,"href":"https:\/\/s2s.ngo\/de\/wp-json\/wp\/v2\/media\/570"}],"wp:attachment":[{"href":"https:\/\/s2s.ngo\/de\/wp-json\/wp\/v2\/media?parent=369"}],"wp:term":[{"taxonomy":"category","embeddable":true,"href":"https:\/\/s2s.ngo\/de\/wp-json\/wp\/v2\/categories?post=369"},{"taxonomy":"post_tag","embeddable":true,"href":"https:\/\/s2s.ngo\/de\/wp-json\/wp\/v2\/tags?post=369"}],"curies":[{"name":"wp","href":"https:\/\/api.w.org\/{rel}","templated":true}]}}