{"id":407,"date":"2020-03-15T22:21:31","date_gmt":"2020-03-15T21:21:31","guid":{"rendered":"https:\/\/beta.s2sfoundation.org\/?page_id=407"},"modified":"2021-03-09T21:42:43","modified_gmt":"2021-03-09T20:42:43","slug":"sponsor","status":"publish","type":"page","link":"https:\/\/s2s.ngo\/de\/home\/foundation\/sponsor\/","title":{"rendered":"Patenschaft"},"content":{"rendered":"<div class=\"wp-block-group alignwide\"><div class=\"wp-block-group__inner-container is-layout-flow wp-block-group-is-layout-flow\">\n<p>Wir brauchen nationale und internationale Partner, um benachteiligten Kindern und Jugendlichen eine Chance f\u00fcr eine besseres Leben zu bieten. Sie k\u00f6nnen durch ihre Spende einmalige oder regelm\u00e4\u00dfige Spende helfen. Zudem k\u00f6nnen sie auch eine Patenschaft f\u00fcr eines der Kinder \u00fcbernehmen. Wir m\u00f6chten sie auch um Ihr Gebet f\u00fcr unsere Kinder und um Gottes Segen f\u00fcr unsere Arbeit bitten.<\/p>\n\n\n\n<p>Indem Sie eine Patenschaft \u00fcbernehmen, unterst\u00fctzen sie das Kind nicht nur finanziell, sondern auch emotional. Sie erhalten zweimal im Jahr ein Update und k\u00f6nnen auch E-Mails oder Nachrichten zur\u00fccksenden. Dies motiviert die Kinder enorm und Sie k\u00f6nnen sehen, wie sich ihr Patenkind entwickelt.<\/p>\n\n\n\n<p>Der Beitrag pro Monat betr\u00e4gt <\/p>\n\n\n\n<ul class=\"wp-block-list\"><li>20 \u20ac f\u00fcr ein Kind der <a rel=\"noreferrer noopener\" href=\"http:\/\/s2s.ngo\/de\/home\/international\/dcs\/\" target=\"_blank\"><strong>Dickson Gesamtschule<\/strong><\/a><\/li><li>30 \u20ac f\u00fcr ein Kind bzw. Jugendlichen einer <a rel=\"noreferrer noopener\" href=\"https:\/\/s2s.ngo\/de\/home\/international\/dcc\/\" target=\"_blank\"><strong>Pflegefamilie<\/strong><\/a> oder des <a rel=\"noreferrer noopener\" href=\"https:\/\/s2s.ngo\/de\/home\/international\/ogbc\/\" target=\"_blank\"><strong>Rehabilitationszentrums<\/strong><\/a><\/li><\/ul>\n<\/div><\/div>\n\n\n\n<div class=\"wp-block-group alignwide\"><div class=\"wp-block-group__inner-container is-layout-flow wp-block-group-is-layout-flow\">\n<p>Wenn Sie Patenschaft f\u00fcr ein (oder mehrere) Kinder in unseren Projekten \u00fcbernehmen m\u00f6chten, f\u00fcllen Sie bitte das folgende Formular aus. Wir werden sie dann in K\u00fcrze bez\u00fcglich der Details kontaktieren.<\/p>\n<\/div><\/div>\n\n\n\n<p><br><br>\n<div class=\"wpcf7 no-js\" id=\"wpcf7-f1303-o1\" lang=\"nl-NL\" dir=\"ltr\" data-wpcf7-id=\"1303\">\n<div class=\"screen-reader-response\"><p role=\"status\" aria-live=\"polite\" aria-atomic=\"true\"><\/p> <ul><\/ul><\/div>\n<form action=\"\/de\/wp-json\/wp\/v2\/pages\/407#wpcf7-f1303-o1\" method=\"post\" class=\"wpcf7-form init\" aria-label=\"Contactformulier\" novalidate=\"novalidate\" data-status=\"init\" data-trp-original-action=\"\/de\/wp-json\/wp\/v2\/pages\/407#wpcf7-f1303-o1\">\n<fieldset class=\"hidden-fields-container\"><input type=\"hidden\" name=\"_wpcf7\" value=\"1303\" \/><input type=\"hidden\" name=\"_wpcf7_version\" value=\"6.1.5\" \/><input type=\"hidden\" name=\"_wpcf7_locale\" value=\"nl_NL\" \/><input type=\"hidden\" name=\"_wpcf7_unit_tag\" value=\"wpcf7-f1303-o1\" \/><input type=\"hidden\" name=\"_wpcf7_container_post\" value=\"0\" \/><input type=\"hidden\" name=\"_wpcf7_posted_data_hash\" value=\"\" \/><input type=\"hidden\" name=\"_wpcf7_recaptcha_response\" value=\"\" \/>\n<\/fieldset>\n<p><label> Ihr Name (Pflichtfeld)<br \/>\n<span class=\"wpcf7-form-control-wrap\" data-name=\"your-name\"><input size=\"40\" maxlength=\"400\" class=\"wpcf7-form-control wpcf7-text wpcf7-validates-as-required\" aria-required=\"true\" aria-invalid=\"false\" value=\"\" type=\"text\" name=\"your-name\" \/><\/span> <\/label>\n<\/p>\n<p><label> Ihr Email Adresse (Pflichtfeld)<br \/>\n<span class=\"wpcf7-form-control-wrap\" data-name=\"your-email\"><input size=\"40\" maxlength=\"400\" class=\"wpcf7-form-control wpcf7-email wpcf7-validates-as-required wpcf7-text wpcf7-validates-as-email\" aria-required=\"true\" aria-invalid=\"false\" value=\"\" type=\"email\" name=\"your-email\" \/><\/span> <\/label>\n<\/p>\n<p><label> Thema<br \/>\n[Ich m\u00f6chte Pate werden] <\/label>\n<\/p>\n<p><label> Ihre Nachricht<br \/>\n<span class=\"wpcf7-form-control-wrap\" data-name=\"your-message\"><textarea cols=\"40\" rows=\"10\" maxlength=\"2000\" class=\"wpcf7-form-control wpcf7-textarea\" aria-invalid=\"false\" name=\"your-message\"><\/textarea><\/span> <\/label>\n<\/p>\n<p><input class=\"wpcf7-form-control wpcf7-submit has-spinner\" type=\"submit\" value=\"Senden\" \/>\n<\/p><div class=\"wpcf7-response-output\" aria-hidden=\"true\"><\/div>\n<input type=\"hidden\" name=\"trp-form-language\" value=\"de\"\/><\/form>\n<\/div>\n<\/p>","protected":false},"excerpt":{"rendered":"<p>We hebben nationale en internationale partners nodig om dit werk met elkaar te dragen. U kunt ons helpen door een kind te sponsoren of door financi\u00eble of praktische donaties. Graag vragen we ook uw gebed voor onze kinderen en voor Gods zegen op ons werk. Door een kind te sponsoren ondersteun je hem of haar niet alleen op financieel gebied maar ook emotioneel. Je ontvangt minimaal halfjaarlijks een update en kunt zelf ook post of een bericht terugsturen. Dit motiveert de kinderen enorm en jij kunt hem of haar zien groeien. De bijdrage per maand is \u20ac 20 voor een kind van Dickson Comprehensive School \u20ac 30 voor een kind uit een pleeggezin of van het Onesimus Boys Centre Als je sponsor wilt worden van \u00e9\u00e9n (of meer) kinderen in onze projecten kun je het contactformulier hieronder invullen. Wij nemen dan binnenkort contact met je op.<\/p>","protected":false},"author":1,"featured_media":570,"parent":107,"menu_order":0,"comment_status":"closed","ping_status":"closed","template":"","meta":{"footnotes":""},"class_list":["post-407","page","type-page","status-publish","has-post-thumbnail"],"_links":{"self":[{"href":"https:\/\/s2s.ngo\/de\/wp-json\/wp\/v2\/pages\/407","targetHints":{"allow":["GET"]}}],"collection":[{"href":"https:\/\/s2s.ngo\/de\/wp-json\/wp\/v2\/pages"}],"about":[{"href":"https:\/\/s2s.ngo\/de\/wp-json\/wp\/v2\/types\/page"}],"author":[{"embeddable":true,"href":"https:\/\/s2s.ngo\/de\/wp-json\/wp\/v2\/users\/1"}],"replies":[{"embeddable":true,"href":"https:\/\/s2s.ngo\/de\/wp-json\/wp\/v2\/comments?post=407"}],"version-history":[{"count":0,"href":"https:\/\/s2s.ngo\/de\/wp-json\/wp\/v2\/pages\/407\/revisions"}],"up":[{"embeddable":true,"href":"https:\/\/s2s.ngo\/de\/wp-json\/wp\/v2\/pages\/107"}],"wp:featuredmedia":[{"embeddable":true,"href":"https:\/\/s2s.ngo\/de\/wp-json\/wp\/v2\/media\/570"}],"wp:attachment":[{"href":"https:\/\/s2s.ngo\/de\/wp-json\/wp\/v2\/media?parent=407"}],"curies":[{"name":"wp","href":"https:\/\/api.w.org\/{rel}","templated":true}]}}