{"id":817,"date":"2020-06-24T21:50:01","date_gmt":"2020-06-24T19:50:01","guid":{"rendered":"https:\/\/s2s.ngo\/?page_id=817"},"modified":"2020-06-24T21:53:53","modified_gmt":"2020-06-24T19:53:53","slug":"privacy","status":"publish","type":"page","link":"https:\/\/s2s.ngo\/de\/privacy\/","title":{"rendered":"Datenschutzerkl\u00e4rung S2S"},"content":{"rendered":"<h2 class=\"wp-block-heading\">Wer sind wir?<\/h2>\n\n\n\n<p>Unsere Website-Adresse lautet: https:\/\/s2s.ngo. Sie erreichen uns unter info@s2s.ngo.<\/p>\n\n\n\n<h2 class=\"wp-block-heading\">Welche Art von personenbezogenen Daten sammeln wir und zu welchem Zweck?<\/h2>\n\n\n\n<h3 class=\"wp-block-heading\">Kontaktformulare<\/h3>\n\n\n\n<p>Wenn Sie ein Kontaktformular ausf\u00fcllen, wird Ihre angegebener E-Mail-Adresse an unsere E-Mail-Anwendung gesendet. Wir werden diese nur verwenden, um Ihnen zum Thema des Kontaktformulars zu antworten. Ihre Daten werden nicht an Dritte weitergegeben. Wenn Sie m\u00f6chten, dass wir Ihre E-Mail-Adresse aus unseren Systemen l\u00f6schen, k\u00f6nnen Sie dies \u00fcber die oben angegebene E-Mail-Adresse melden.<\/p>\n\n\n\n<h3 class=\"wp-block-heading\">Cookies<\/h3>\n\n\n\n<p>Diese Website verwendet derzeit keine Cookies. Sollte sich dies in Zukunft \u00e4ndern, werden wir dies ausdr\u00fccklich angeben.<\/p>\n\n\n\n<h3 class=\"wp-block-heading\">Inhalte von anderen Websites<\/h3>\n\n\n\n<p>Nachrichten auf dieser Website k\u00f6nnen eingebetteten Inhalt enthalten (z. B. Videos, Bilder, Nachrichten usw.). Eingebettete Inhalte von anderen Websites verhalten sich genauso, als h\u00e4tte der Besucher diese andere Website besucht.<\/p>\n\n\n\n<p>Diese Websites sammeln m\u00f6glicherweise Daten \u00fcber Sie, verwenden Cookies, binden Tracking von Drittanbietern ein und \u00fcberwachen m\u00f6glicherweise Ihre Interaktion mit diesen eingebetteten Inhalten.<\/p>\n\n\n\n<p><\/p>","protected":false},"excerpt":{"rendered":"<p>Wie zijn wij Ons website adres is: https:\/\/s2s.ngo. Je kunt ons bereiken via info@s2s.ngo. Wat voor persoonlijke data verzamelen wij en voor welk doel Contact formulieren Als je een contact formulier invult komt je opgegeven email-adres binnen in onze mail applicatie. Wij zullen deze enkel gebruiken om je te antwoorden omtrent het onderwerp van het contact formulier. Je data wordt niet gedeeld met derden. Mocht je willen dat we je email-adres op enig moment verwijderen uit onze systemen, kun je dit melden via het hierboven genoemde email-adres. Cookies Op dit moment maakt deze website geen gebruik van cookies. Mocht dit in de toekomst veranderen zullen we dat expliciet vermelden. Inhoud van andere websites Berichten op deze site kunnen ingesloten (embedded) inhoud bevatten (bijvoorbeeld video&#8217;s, afbeeldingen, berichten, etc.). Ingesloten inhoud van andere websites gedraagt zich exact hetzelfde alsof de bezoeker deze andere website heeft bezocht. Deze websites kunnen data over jou&hellip;<\/p>\n<p> <a class=\"more-link\" href=\"https:\/\/s2s.ngo\/de\/privacy\/\">Weiterlesen<\/a><\/p>","protected":false},"author":1,"featured_media":570,"parent":0,"menu_order":0,"comment_status":"closed","ping_status":"closed","template":"","meta":{"footnotes":""},"categories":[],"tags":[],"class_list":["post-817","page","type-page","status-publish","has-post-thumbnail"],"_links":{"self":[{"href":"https:\/\/s2s.ngo\/de\/wp-json\/wp\/v2\/pages\/817","targetHints":{"allow":["GET"]}}],"collection":[{"href":"https:\/\/s2s.ngo\/de\/wp-json\/wp\/v2\/pages"}],"about":[{"href":"https:\/\/s2s.ngo\/de\/wp-json\/wp\/v2\/types\/page"}],"author":[{"embeddable":true,"href":"https:\/\/s2s.ngo\/de\/wp-json\/wp\/v2\/users\/1"}],"replies":[{"embeddable":true,"href":"https:\/\/s2s.ngo\/de\/wp-json\/wp\/v2\/comments?post=817"}],"version-history":[{"count":0,"href":"https:\/\/s2s.ngo\/de\/wp-json\/wp\/v2\/pages\/817\/revisions"}],"wp:featuredmedia":[{"embeddable":true,"href":"https:\/\/s2s.ngo\/de\/wp-json\/wp\/v2\/media\/570"}],"wp:attachment":[{"href":"https:\/\/s2s.ngo\/de\/wp-json\/wp\/v2\/media?parent=817"}],"wp:term":[{"taxonomy":"category","embeddable":true,"href":"https:\/\/s2s.ngo\/de\/wp-json\/wp\/v2\/categories?post=817"},{"taxonomy":"post_tag","embeddable":true,"href":"https:\/\/s2s.ngo\/de\/wp-json\/wp\/v2\/tags?post=817"}],"curies":[{"name":"wp","href":"https:\/\/api.w.org\/{rel}","templated":true}]}}